{"id":36408,"date":"2024-04-24T08:07:38","date_gmt":"2024-04-24T08:07:38","guid":{"rendered":"https:\/\/theme-dev.cmsmasters.net\/archdeco\/?page_id=36408"},"modified":"2025-10-29T15:57:21","modified_gmt":"2025-10-29T15:57:21","slug":"quienes-somos","status":"publish","type":"page","link":"https:\/\/ifaudio.pro\/eng\/quienes-somos\/","title":{"rendered":"Quienes somos"},"content":{"rendered":"<div data-elementor-type=\"wp-page\" data-elementor-id=\"36408\" class=\"elementor elementor-36408\" data-elementor-post-type=\"page\">\n\t\t\t\t<div class=\"elementor-element elementor-element-8a03432 e-flex e-con-boxed cmsmasters-block-default e-con e-parent\" data-id=\"8a03432\" data-element_type=\"container\" data-settings=\"{&quot;background_background&quot;:&quot;classic&quot;}\">\n\t\t\t\t\t<div class=\"e-con-inner\">\n\t\t<div class=\"elementor-element elementor-element-80d2cec e-con-full e-flex cmsmasters-block-default e-con e-child\" data-id=\"80d2cec\" data-element_type=\"container\">\n\t\t\t\t<div class=\"elementor-element elementor-element-869be5d cmsmasters-featured-box__graphic-align-left cmsmasters-featured-box__graphic-position-row cmsmasters-featured-box__graphic-position-v-middle elementor-widget__width-auto elementor-absolute cmsmasters-effect cmsmasters-effect-type-transform cmsmasters-featured-box__graphic-position-tablet-row cmsmasters-featured-box__graphic-position-mobile-row cmsmasters-featured-box__text-valign-middle cmsmasters-effect-hover-type-element cmsmasters-block-default cmsmasters-sticky-default elementor-widget elementor-widget-cmsmasters-featured-box\" data-id=\"869be5d\" data-element_type=\"widget\" data-settings=\"{&quot;_position&quot;:&quot;absolute&quot;,&quot;cms_transform_hover_type&quot;:&quot;element&quot;}\" data-widget_type=\"cmsmasters-featured-box.default\">\n\t\t\t\t\t<div class=\"elementor-widget-cmsmasters-featured-box__wrapper\"><div class=\"elementor-widget-cmsmasters-featured-box__content\">\n\t\t\t\t<div class=\"elementor-widget-cmsmasters-featured-box__content-vertical-inner\"><div class=\"elementor-widget-cmsmasters-featured-box__graphic-wrapper elementor-widget-cmsmasters-featured-box__content-item elementor-widget-cmsmasters-featured-box__icon\"><span class=\"elementor-widget-cmsmasters-featured-box__title elementor-widget-cmsmasters-featured-box__content-item\">ABOUT US<\/span><div class=\"elementor-widget-cmsmasters-featured-box__icon-wrap elementor-widget-cmsmasters-featured-box__graphic-item\"><svg aria-hidden=\"true\" class=\"e-font-icon-svg e-fas-circle\" viewbox=\"0 0 512 512\" xmlns=\"http:\/\/www.w3.org\/2000\/svg\"><path d=\"M256 8C119 8 8 119 8 256s111 248 248 248 248-111 248-248S393 8 256 8z\"><\/path><\/svg><\/div><\/div><div class=\"elementor-widget-cmsmasters-featured-box__type-wrap elementor-widget-cmsmasters-featured-box__content-item\"><span class=\"elementor-widget-cmsmasters-featured-box__title elementor-widget-cmsmasters-featured-box__content-item\">ABOUT US<\/span><\/div>\n\t\t\t\t<\/div>\n\t\t\t<\/div>\n\t\t<\/div>\t\t\t\t<\/div>\n\t\t<div class=\"elementor-element elementor-element-d0b1a1d e-flex e-con-boxed cmsmasters-block-default e-con e-child\" data-id=\"d0b1a1d\" data-element_type=\"container\">\n\t\t\t\t\t<div class=\"e-con-inner\">\n\t\t\t\t<div class=\"elementor-element elementor-element-bc34b6e cmsmasters-block-default cmsmasters-sticky-default elementor-widget elementor-widget-heading\" data-id=\"bc34b6e\" data-element_type=\"widget\" data-widget_type=\"heading.default\">\n\t\t\t\t\t<h1 class=\"elementor-heading-title elementor-size-default\">Conocimiento t\u00e9cnico\nal servicio de la sensibilidad<\/h1>\t\t\t\t<\/div>\n\t\t\t\t<div class=\"elementor-element elementor-element-6552d80 cmsmasters-block-default cmsmasters-sticky-default elementor-widget elementor-widget-heading\" data-id=\"6552d80\" data-element_type=\"widget\" data-widget_type=\"heading.default\">\n\t\t\t\t\t<h2 class=\"elementor-heading-title elementor-size-default\">Con m\u00e1s de una d\u00e9cada de trayectoria en el mundo del audio de alta fidelidad, nuestra pasi\u00f3n va m\u00e1s all\u00e1 de los equipos. En un universo de cables, perillas y crossovers, lo que realmente nos inspira es esa alquimia intangible que se siente \u2014pero no se ve\u2014 cuando la m\u00fasica cobra vida en toda su potencia, capaz de conmovernos y deslumbrarnos al mismo tiempo.<\/h2>\t\t\t\t<\/div>\n\t\t\t\t\t<\/div>\n\t\t\t\t<\/div>\n\t\t\t\t<\/div>\n\t\t<div class=\"elementor-element elementor-element-4ca5708 e-con-full e-flex cmsmasters-block-default e-con e-child\" data-id=\"4ca5708\" data-element_type=\"container\">\n\t\t\t\t<div class=\"elementor-element elementor-element-6996951 cmsmasters-block-default cmsmasters-sticky-default elementor-widget elementor-widget-image\" data-id=\"6996951\" data-element_type=\"widget\" data-widget_type=\"image.default\">\n\t\t\t\t\t\t\t\t\t\t\t\t\t\t\t<img fetchpriority=\"high\" decoding=\"async\" width=\"576\" height=\"1024\" src=\"https:\/\/ifaudio.pro\/wp-content\/uploads\/2025\/10\/WEB-QUIENESSOMOS-576x1024.jpg\" class=\"attachment-large size-large wp-image-43190\" alt=\"\" srcset=\"https:\/\/ifaudio.pro\/wp-content\/uploads\/2025\/10\/WEB-QUIENESSOMOS-576x1024.jpg 576w, https:\/\/ifaudio.pro\/wp-content\/uploads\/2025\/10\/WEB-QUIENESSOMOS-169x300.jpg 169w, https:\/\/ifaudio.pro\/wp-content\/uploads\/2025\/10\/WEB-QUIENESSOMOS-768x1366.jpg 768w, https:\/\/ifaudio.pro\/wp-content\/uploads\/2025\/10\/WEB-QUIENESSOMOS-864x1536.jpg 864w, https:\/\/ifaudio.pro\/wp-content\/uploads\/2025\/10\/WEB-QUIENESSOMOS-1152x2048.jpg 1152w, https:\/\/ifaudio.pro\/wp-content\/uploads\/2025\/10\/WEB-QUIENESSOMOS-7x12.jpg 7w, https:\/\/ifaudio.pro\/wp-content\/uploads\/2025\/10\/WEB-QUIENESSOMOS-600x1067.jpg 600w, https:\/\/ifaudio.pro\/wp-content\/uploads\/2025\/10\/WEB-QUIENESSOMOS-scaled.jpg 1440w\" sizes=\"(max-width: 576px) 100vw, 576px\" \/>\t\t\t\t\t\t\t\t\t\t\t\t\t\t\t<\/div>\n\t\t\t\t<\/div>\n\t\t\t\t\t<\/div>\n\t\t\t\t<\/div>\n\t\t<div class=\"elementor-element elementor-element-eb534e4 e-flex e-con-boxed cmsmasters-block-default e-con e-parent\" data-id=\"eb534e4\" data-element_type=\"container\">\n\t\t\t\t\t<div class=\"e-con-inner\">\n\t\t<div class=\"elementor-element elementor-element-f1beaf9 e-con-full e-flex cmsmasters-block-default e-con e-child\" data-id=\"f1beaf9\" data-element_type=\"container\">\n\t\t\t\t<div class=\"elementor-element elementor-element-651b99c cmsmasters-block-default cmsmasters-sticky-default elementor-widget elementor-widget-heading\" data-id=\"651b99c\" data-element_type=\"widget\" data-widget_type=\"heading.default\">\n\t\t\t\t\t<h2 class=\"elementor-heading-title elementor-size-default\">Creemos en el poder de la colaboraci\u00f3n. Nuestra filosof\u00eda se basa en emprender junto a cada cliente una b\u00fasqueda compartida hacia una est\u00e9tica del sonido totalmente personalizada, profundizando en la intenci\u00f3n detr\u00e1s de cada decisi\u00f3n para que cada proyecto refleje su verdadera esencia.<\/h2>\t\t\t\t<\/div>\n\t\t\t\t<div class=\"elementor-element elementor-element-559db83 cmsmasters-block-default cmsmasters-sticky-default elementor-widget elementor-widget-heading\" data-id=\"559db83\" data-element_type=\"widget\" data-widget_type=\"heading.default\">\n\t\t\t\t\t<h2 class=\"elementor-heading-title elementor-size-default\">Our team is made up of curious minds \u2014 people driven by innovation and a constant desire to achieve the best possible results. We understand that our sense of hearing is always active, and what we perceive in a space deeply influences how we feel.<\/h2>\t\t\t\t<\/div>\n\t\t\t\t<div class=\"elementor-element elementor-element-1611587 cmsmasters-block-default cmsmasters-sticky-default elementor-widget elementor-widget-heading\" data-id=\"1611587\" data-element_type=\"widget\" data-widget_type=\"heading.default\">\n\t\t\t\t\t<h2 class=\"elementor-heading-title elementor-size-default\">Nos apasiona explorar los universos sonoros que podemos crear, conectando con personas, historias y b\u00fasquedas distintas en cada paso del camino.<\/h2>\t\t\t\t<\/div>\n\t\t\t\t<\/div>\n\t\t\t\t\t<\/div>\n\t\t\t\t<\/div>\n\t\t<div class=\"elementor-element elementor-element-410f95b elementor-hidden-widescreen elementor-hidden-desktop elementor-hidden-tablet elementor-hidden-mobile e-flex e-con-boxed cmsmasters-block-default e-con e-parent\" data-id=\"410f95b\" data-element_type=\"container\">\n\t\t\t\t\t<div class=\"e-con-inner\">\n\t\t\t\t<div class=\"elementor-element elementor-element-4320ee1 cmsmasters-block-default cmsmasters-sticky-default elementor-widget elementor-widget-heading\" data-id=\"4320ee1\" data-element_type=\"widget\" data-widget_type=\"heading.default\">\n\t\t\t\t\t<h2 class=\"elementor-heading-title elementor-size-default\">\u00daltimas notas de blog<\/h2>\t\t\t\t<\/div>\n\t\t\t\t\t<\/div>\n\t\t\t\t<\/div>\n\t\t\t\t<\/div>","protected":false},"excerpt":{"rendered":"<p>SOBRE NOSOTROSSOBRE NOSOTROS Conocimiento t\u00e9cnico al servicio de la sensibilidad Con m\u00e1s de una d\u00e9cada de trayectoria en el mundo del audio de alta fidelidad, nuestra pasi\u00f3n va m\u00e1s all\u00e1 de los equipos. En un universo de cables, perillas y crossovers, lo que realmente nos inspira es esa alquimia intangible que se siente \u2014pero no&#8230;<\/p>","protected":false},"author":1,"featured_media":0,"parent":0,"menu_order":0,"comment_status":"closed","ping_status":"closed","template":"","meta":{"_acf_changed":false,"_joinchat":[],"footnotes":""},"class_list":["post-36408","page","type-page","status-publish","hentry"],"acf":[],"_links":{"self":[{"href":"https:\/\/ifaudio.pro\/eng\/wp-json\/wp\/v2\/pages\/36408","targetHints":{"allow":["GET"]}}],"collection":[{"href":"https:\/\/ifaudio.pro\/eng\/wp-json\/wp\/v2\/pages"}],"about":[{"href":"https:\/\/ifaudio.pro\/eng\/wp-json\/wp\/v2\/types\/page"}],"author":[{"embeddable":true,"href":"https:\/\/ifaudio.pro\/eng\/wp-json\/wp\/v2\/users\/1"}],"replies":[{"embeddable":true,"href":"https:\/\/ifaudio.pro\/eng\/wp-json\/wp\/v2\/comments?post=36408"}],"version-history":[{"count":96,"href":"https:\/\/ifaudio.pro\/eng\/wp-json\/wp\/v2\/pages\/36408\/revisions"}],"predecessor-version":[{"id":43193,"href":"https:\/\/ifaudio.pro\/eng\/wp-json\/wp\/v2\/pages\/36408\/revisions\/43193"}],"wp:attachment":[{"href":"https:\/\/ifaudio.pro\/eng\/wp-json\/wp\/v2\/media?parent=36408"}],"curies":[{"name":"wp","href":"https:\/\/api.w.org\/{rel}","templated":true}]}}